{"id":295,"date":"2024-01-31T18:35:42","date_gmt":"2024-01-31T17:35:42","guid":{"rendered":"https:\/\/krkgranfondo.com\/?page_id=295"},"modified":"2025-10-29T21:43:31","modified_gmt":"2025-10-29T20:43:31","slug":"registracija","status":"publish","type":"page","link":"https:\/\/krkgranfondo.com\/index.php\/registracija\/","title":{"rendered":"Registracija"},"content":{"rendered":"\t\t<div data-elementor-type=\"wp-page\" data-elementor-id=\"295\" class=\"elementor elementor-295\" data-elementor-post-type=\"page\">\n\t\t\t\t<div class=\"elementor-element elementor-element-36d52d4 e-flex e-con-boxed e-con e-parent\" data-id=\"36d52d4\" data-element_type=\"container\">\n\t\t\t\t\t<div class=\"e-con-inner\">\n\t\t\t\t<div class=\"elementor-element elementor-element-a390537 elementor-widget elementor-widget-spacer\" data-id=\"a390537\" data-element_type=\"widget\" data-widget_type=\"spacer.default\">\n\t\t\t\t<div class=\"elementor-widget-container\">\n\t\t\t\t\t<div class=\"elementor-spacer\">\n\t\t\t<div class=\"elementor-spacer-inner\"><\/div>\n\t\t<\/div>\n\t\t\t\t<\/div>\n\t\t\t\t<\/div>\n\t\t\t\t<div class=\"elementor-element elementor-element-295eec9 elementor-widget elementor-widget-heading\" data-id=\"295eec9\" data-element_type=\"widget\" data-widget_type=\"heading.default\">\n\t\t\t\t<div class=\"elementor-widget-container\">\n\t\t\t<h2 class=\"elementor-heading-title elementor-size-default\">REGISTRACIJA<\/h2>\t\t<\/div>\n\t\t\t\t<\/div>\n\t\t\t\t<div class=\"elementor-element elementor-element-1757b24 elementor-widget elementor-widget-spacer\" data-id=\"1757b24\" data-element_type=\"widget\" data-widget_type=\"spacer.default\">\n\t\t\t\t<div class=\"elementor-widget-container\">\n\t\t\t\t\t<div class=\"elementor-spacer\">\n\t\t\t<div class=\"elementor-spacer-inner\"><\/div>\n\t\t<\/div>\n\t\t\t\t<\/div>\n\t\t\t\t<\/div>\n\t\t\t\t\t<\/div>\n\t\t\t\t<\/div>\n\t\t<div class=\"elementor-element elementor-element-3d9656f e-flex e-con-boxed e-con e-parent\" data-id=\"3d9656f\" data-element_type=\"container\">\n\t\t\t\t\t<div class=\"e-con-inner\">\n\t\t<div class=\"elementor-element elementor-element-24e1db1 e-con-full e-flex e-con e-child\" data-id=\"24e1db1\" data-element_type=\"container\">\n\t\t\t\t<div class=\"elementor-element elementor-element-41246eb elementor-widget elementor-widget-text-editor\" data-id=\"41246eb\" data-element_type=\"widget\" data-widget_type=\"text-editor.default\">\n\t\t\t\t<div class=\"elementor-widget-container\">\n\t\t\t\t\t\t\t<p>Kako bismo svim sudionicima Granfonda mogli osigurati prvoklasno organizirani biciklisti\u010dki doga\u0111aj, broj sudionika doga\u0111aja Krk Granfondo Falkensteiner Punat ograni\u010dili smo na 400 osoba.\u00a0<\/p><p style=\"font-weight: 400;\"><strong><em>EARLY BIRD<\/em><\/strong><em>\u00a0Prijave do 15. studenog 2025.\u00a0<\/em><strong><em>40,00 EUR<\/em><\/strong><\/p><p style=\"font-weight: 400;\"><em>Prijave do 31. prosinca 2025. 50,00 EUR<\/em><\/p><p style=\"font-weight: 400;\"><em>Prijave do 30. sije\u010dnja 2026. 55,00 EUR<\/em><\/p><p style=\"font-weight: 400;\"><em>Prijave do 14. o\u017eujka 2026. 60,00 EUR<\/em><\/p><p style=\"font-weight: 400;\"><em>Prijave do 05. travnja 2026. 65,00 EUR<\/em><\/p><p style=\"font-weight: 400;\"><em>Prijave do 24. travnja 2026. 70,00 EUR<\/em><\/p><p style=\"font-weight: 400;\">*Prijava na samom doga\u0111aju nije mogu\u0107a.<\/p><p><strong>\u00a0<\/strong><\/p>\t\t\t\t\t\t<\/div>\n\t\t\t\t<\/div>\n\t\t\t\t<\/div>\n\t\t<div class=\"elementor-element elementor-element-919a33e e-con-full e-flex e-con e-child\" data-id=\"919a33e\" data-element_type=\"container\">\n\t\t\t\t<div class=\"elementor-element elementor-element-bd11e0d elementor-widget elementor-widget-image\" data-id=\"bd11e0d\" data-element_type=\"widget\" data-widget_type=\"image.default\">\n\t\t\t\t<div class=\"elementor-widget-container\">\n\t\t\t\t\t\t\t\t\t\t\t\t\t<img fetchpriority=\"high\" decoding=\"async\" width=\"800\" height=\"535\" src=\"https:\/\/krkgranfondo.com\/wp-content\/uploads\/2024\/01\/408149363_835264691939129_4872291744782756068_n-1024x685.jpg\" class=\"attachment-large size-large wp-image-146\" alt=\"\" srcset=\"https:\/\/krkgranfondo.com\/wp-content\/uploads\/2024\/01\/408149363_835264691939129_4872291744782756068_n-1024x685.jpg 1024w, https:\/\/krkgranfondo.com\/wp-content\/uploads\/2024\/01\/408149363_835264691939129_4872291744782756068_n-300x201.jpg 300w, https:\/\/krkgranfondo.com\/wp-content\/uploads\/2024\/01\/408149363_835264691939129_4872291744782756068_n-768x513.jpg 768w, https:\/\/krkgranfondo.com\/wp-content\/uploads\/2024\/01\/408149363_835264691939129_4872291744782756068_n.jpg 1487w\" sizes=\"(max-width: 800px) 100vw, 800px\" \/>\t\t\t\t\t\t\t\t\t\t\t\t\t<\/div>\n\t\t\t\t<\/div>\n\t\t\t\t<\/div>\n\t\t\t\t\t<\/div>\n\t\t\t\t<\/div>\n\t\t<div class=\"elementor-element elementor-element-85735ec e-flex e-con-boxed e-con e-parent\" data-id=\"85735ec\" data-element_type=\"container\">\n\t\t\t\t\t<div class=\"e-con-inner\">\n\t\t\t\t<div class=\"elementor-element elementor-element-a1c8ebb elementor-widget elementor-widget-html\" data-id=\"a1c8ebb\" data-element_type=\"widget\" data-widget_type=\"html.default\">\n\t\t\t\t<div class=\"elementor-widget-container\">\n\t\t\t<div id=\"divRRRegStart\" class=\"RRRegStart\"><\/div>\r\n<script type=\"text\/javascript\" src=\"https:\/\/my.raceresult.com\/RRRegStart\/load.js.php?lang=hr\"><\/script>\r\n<script type=\"text\/javascript\">\r\n<!--\r\n  var rrp=new RRRegStart(document.getElementById(\"divRRRegStart\"), 337667);\r\n  rrp.ShowInfoText=false;\r\n-->\r\n<\/script>\r\n<style>\r\n  .RRRegStart_divInfoV2\r\n  {\r\n      display: none;\r\n  }\r\n  \r\n  .RRRegStart div.RRRegStart_Registrations h1\r\n  {\r\n      display: none;\r\n  }\r\n  \r\n  .RRRegStart div.RRRegStart_Registrations > div\r\n  {\r\n      border: 0px;\r\n      background-color: transparent;\r\n  }\r\n  \r\n  .mec-wrap .button, .mec-wrap a.button:not(.owl-dot), .mec-wrap button:not(.owl-dot):not(.gm-control-active), .mec-wrap input[type=button], .mec-wrap input[type=reset], .mec-wrap input[type=submit]\r\n  {\r\n      background: #081A2E;\r\n  }\r\n  \r\n  .RRRegStart div.RRRegStart_Registrations > div > button:not(:disabled):hover\r\n  {\r\n      background-color: #059893;\r\n  }\r\n  \r\n  .RRRegStart div.RRRegStart_Registrations > div\r\n  {\r\n      padding: 0px;\r\n  }\r\n  \r\n  .RRReg_PMName\r\n {\r\n     padding-top: 15px;\r\n     padding-bottom: 15px;\r\n }\r\nselect, input[type=\"text\"], input[type=\"email\"], input[type=\"password\"], input[type=\"search\"], input[type=\"number\"], input[type=\"url\"], textarea\r\n{\r\n    color: black;\r\n}\r\n.RRReg div.RRReg_EntryField .RRReg_FileField, .RRReg div.RRReg_EntryField .RRReg_RadioGroup, .RRReg div.RRReg_EntryField .RRReg_SignatureField, .RRReg div.RRReg_EntryField input[type='password'], .RRReg div.RRReg_EntryField input[type='text'], .RRReg div.RRReg_EntryField select, .RRReg div.RRReg_EntryField textarea\r\n{\r\n    padding: 20px 5px 5px 5px;\r\n}\r\n.mec-wrap .button, .mec-wrap a.button:not(.owl-dot), .mec-wrap button:not(.owl-dot):not(.gm-control-active), .mec-wrap input[type=button], .mec-wrap input[type=reset], .mec-wrap input[type=submit]\r\n{\r\n    background-color: #081A2E;\r\n}\r\n.RRReg .RRReg_Nav > div > div.selected\r\n{\r\n    background-color: #059893;\r\n}\r\n.RRReg .RRReg_Nav\r\n{\r\n    background: #081A2E;\r\n    height: 40px;\r\n}\r\n.RRReg .RRReg_Nav > div > div\r\n{\r\n    font-size: 14px;\r\n}\r\n.RRReg div.RRReg_EntryField.RRReg_Mandatory > div.RRReg_RadioGroup, .RRReg div.RRReg_EntryField.RRReg_Mandatory > input, .RRReg div.RRReg_EntryField.RRReg_Mandatory > select:not(.ComboWizard), .RRReg div.RRReg_EntryField.RRReg_Mandatory > textarea\r\n{\r\n    border-left: 1px;\r\n}\r\n.mec-wrap p\r\n{\r\n    font-size: 18px;\r\n}\r\n.RRReg .RRReg_Nav > div > div:not(.selected):not(.disabled):hover\r\n{\r\n     background-color: #059893;\r\n}\r\ninput[type=radio] \r\n{ \r\n    margin-right: 8px; \r\n    \r\n}\r\ndiv[style=url(&quot;https:\/\/events2.raceresult.com\/graphics\/RR_PoweredBy_LightGrey_RGB.png&quot;)]\r\n{\r\n    display: none;\r\n}\r\n<\/style>\t\t<\/div>\n\t\t\t\t<\/div>\n\t\t\t\t\t<\/div>\n\t\t\t\t<\/div>\n\t\t\t\t<\/div>\n\t\t","protected":false},"excerpt":{"rendered":"<p>REGISTRACIJA Kako bismo svim sudionicima Granfonda mogli osigurati prvoklasno organizirani biciklisti\u010dki doga\u0111aj, broj sudionika doga\u0111aja Krk Granfondo Falkensteiner Punat ograni\u010dili smo na 400 osoba.\u00a0 EARLY BIRD\u00a0Prijave do 15. studenog 2025.\u00a040,00 EUR Prijave do 31. prosinca 2025. 50,00 EUR Prijave do 30. sije\u010dnja 2026. 55,00 EUR Prijave do 14. o\u017eujka 2026. 60,00 EUR Prijave do 05. [&hellip;]<\/p>\n","protected":false},"author":1,"featured_media":0,"parent":0,"menu_order":0,"comment_status":"closed","ping_status":"closed","template":"elementor_header_footer","meta":{"footnotes":""},"class_list":["post-295","page","type-page","status-publish","hentry"],"_links":{"self":[{"href":"https:\/\/krkgranfondo.com\/index.php\/wp-json\/wp\/v2\/pages\/295","targetHints":{"allow":["GET"]}}],"collection":[{"href":"https:\/\/krkgranfondo.com\/index.php\/wp-json\/wp\/v2\/pages"}],"about":[{"href":"https:\/\/krkgranfondo.com\/index.php\/wp-json\/wp\/v2\/types\/page"}],"author":[{"embeddable":true,"href":"https:\/\/krkgranfondo.com\/index.php\/wp-json\/wp\/v2\/users\/1"}],"replies":[{"embeddable":true,"href":"https:\/\/krkgranfondo.com\/index.php\/wp-json\/wp\/v2\/comments?post=295"}],"version-history":[{"count":37,"href":"https:\/\/krkgranfondo.com\/index.php\/wp-json\/wp\/v2\/pages\/295\/revisions"}],"predecessor-version":[{"id":23403,"href":"https:\/\/krkgranfondo.com\/index.php\/wp-json\/wp\/v2\/pages\/295\/revisions\/23403"}],"wp:attachment":[{"href":"https:\/\/krkgranfondo.com\/index.php\/wp-json\/wp\/v2\/media?parent=295"}],"curies":[{"name":"wp","href":"https:\/\/api.w.org\/{rel}","templated":true}]}}