{"id":365,"date":"2024-02-01T23:07:13","date_gmt":"2024-02-01T22:07:13","guid":{"rendered":"https:\/\/krkgranfondo.com\/?page_id=365"},"modified":"2025-10-29T21:49:09","modified_gmt":"2025-10-29T20:49:09","slug":"smjestaj","status":"publish","type":"page","link":"https:\/\/krkgranfondo.com\/index.php\/smjestaj\/","title":{"rendered":"Smjestaj"},"content":{"rendered":"\t\t<div data-elementor-type=\"wp-page\" data-elementor-id=\"365\" class=\"elementor elementor-365\" data-elementor-post-type=\"page\">\n\t\t\t\t<div class=\"elementor-element elementor-element-132640e e-flex e-con-boxed e-con e-parent\" data-id=\"132640e\" data-element_type=\"container\">\n\t\t\t\t\t<div class=\"e-con-inner\">\n\t\t\t\t<div class=\"elementor-element elementor-element-ba72bb1 elementor-widget elementor-widget-spacer\" data-id=\"ba72bb1\" data-element_type=\"widget\" data-widget_type=\"spacer.default\">\n\t\t\t\t<div class=\"elementor-widget-container\">\n\t\t\t\t\t<div class=\"elementor-spacer\">\n\t\t\t<div class=\"elementor-spacer-inner\"><\/div>\n\t\t<\/div>\n\t\t\t\t<\/div>\n\t\t\t\t<\/div>\n\t\t\t\t<div class=\"elementor-element elementor-element-dcf3b30 elementor-widget elementor-widget-heading\" data-id=\"dcf3b30\" data-element_type=\"widget\" data-widget_type=\"heading.default\">\n\t\t\t\t<div class=\"elementor-widget-container\">\n\t\t\t<h2 class=\"elementor-heading-title elementor-size-default\">FALKENSTEINER HOTEL PARK PUNAT<\/h2>\t\t<\/div>\n\t\t\t\t<\/div>\n\t\t\t\t<div class=\"elementor-element elementor-element-8f92678 elementor-widget elementor-widget-heading\" data-id=\"8f92678\" data-element_type=\"widget\" data-widget_type=\"heading.default\">\n\t\t\t\t<div class=\"elementor-widget-container\">\n\t\t\t<h2 class=\"elementor-heading-title elementor-size-default\">DO\u017dIVITE SVE LJEPOTE OTOKA KRKA<\/h2>\t\t<\/div>\n\t\t\t\t<\/div>\n\t\t\t\t<div class=\"elementor-element elementor-element-68db753 elementor-widget elementor-widget-spacer\" data-id=\"68db753\" data-element_type=\"widget\" data-widget_type=\"spacer.default\">\n\t\t\t\t<div class=\"elementor-widget-container\">\n\t\t\t\t\t<div class=\"elementor-spacer\">\n\t\t\t<div class=\"elementor-spacer-inner\"><\/div>\n\t\t<\/div>\n\t\t\t\t<\/div>\n\t\t\t\t<\/div>\n\t\t\t\t\t<\/div>\n\t\t\t\t<\/div>\n\t\t<div class=\"elementor-element elementor-element-9b9f0ef e-flex e-con-boxed e-con e-parent\" data-id=\"9b9f0ef\" data-element_type=\"container\">\n\t\t\t\t\t<div class=\"e-con-inner\">\n\t\t<div class=\"elementor-element elementor-element-8f45cca e-con-full e-flex e-con e-child\" data-id=\"8f45cca\" data-element_type=\"container\">\n\t\t\t\t<div class=\"elementor-element elementor-element-707ceac elementor-widget elementor-widget-image\" data-id=\"707ceac\" data-element_type=\"widget\" data-widget_type=\"image.default\">\n\t\t\t\t<div class=\"elementor-widget-container\">\n\t\t\t\t\t\t\t\t\t\t\t\t\t<img fetchpriority=\"high\" decoding=\"async\" width=\"800\" height=\"534\" src=\"https:\/\/krkgranfondo.com\/wp-content\/uploads\/2024\/02\/86a0519_ret-1024x683.jpg\" class=\"attachment-large size-large wp-image-368\" alt=\"\" srcset=\"https:\/\/krkgranfondo.com\/wp-content\/uploads\/2024\/02\/86a0519_ret-1024x683.jpg 1024w, https:\/\/krkgranfondo.com\/wp-content\/uploads\/2024\/02\/86a0519_ret-300x200.jpg 300w, https:\/\/krkgranfondo.com\/wp-content\/uploads\/2024\/02\/86a0519_ret-768x512.jpg 768w, https:\/\/krkgranfondo.com\/wp-content\/uploads\/2024\/02\/86a0519_ret-1536x1024.jpg 1536w, https:\/\/krkgranfondo.com\/wp-content\/uploads\/2024\/02\/86a0519_ret-2048x1365.jpg 2048w\" sizes=\"(max-width: 800px) 100vw, 800px\" \/>\t\t\t\t\t\t\t\t\t\t\t\t\t<\/div>\n\t\t\t\t<\/div>\n\t\t\t\t<\/div>\n\t\t<div class=\"elementor-element elementor-element-56bf195 e-con-full e-flex e-con e-child\" data-id=\"56bf195\" data-element_type=\"container\">\n\t\t\t\t<div class=\"elementor-element elementor-element-30149a2 elementor-widget elementor-widget-text-editor\" data-id=\"30149a2\" data-element_type=\"widget\" data-widget_type=\"text-editor.default\">\n\t\t\t\t<div class=\"elementor-widget-container\">\n\t\t\t\t\t\t\t<p>Jutarnje bu\u0111enje prije prvih sun\u010devih zraka. Ptice cvrku\u0107u u pozadini, pogled kroz prozor luta preko kro\u0161nji tamnozelenih borova i naposljetku dospijeva do blje\u0161tave povr\u0161ine Jadranskog mora.<br \/>Udi\u0161ete duboko, dopustite mediteranskoj klimi da vas obuzme i da postanete svjesni toga da ste napokon stigli na \u017eeljeno odredi\u0161te. <br \/>Svatko tko ljetuje na otoku mora znati: kazaljke sata ovdje se kre\u0107u ne\u0161to sporije. <br \/>Odmaknite se od u\u017eurbanosti svakodnevice, te se umjesto toga prepustite slatkoj dokolici oto\u010dkog \u017eivota, tako \u0107ete mo\u0107i u potpunosti u\u017eivati u posebnostima koje vas okru\u017euju te otkrivati nova mjesta, mirise i jedinstveni \u0161arm Hrvatske.\u00a0<\/p>\t\t\t\t\t\t<\/div>\n\t\t\t\t<\/div>\n\t\t\t\t<\/div>\n\t\t\t\t\t<\/div>\n\t\t\t\t<\/div>\n\t\t<div class=\"elementor-element elementor-element-c6491d7 e-flex e-con-boxed e-con e-parent\" data-id=\"c6491d7\" data-element_type=\"container\">\n\t\t\t\t\t<div class=\"e-con-inner\">\n\t\t<div class=\"elementor-element elementor-element-b9bf878 e-con-full e-flex e-con e-child\" data-id=\"b9bf878\" data-element_type=\"container\">\n\t\t\t\t<div class=\"elementor-element elementor-element-66653cd elementor-align-left elementor-icon-list--layout-traditional elementor-list-item-link-full_width elementor-widget elementor-widget-icon-list\" data-id=\"66653cd\" data-element_type=\"widget\" data-widget_type=\"icon-list.default\">\n\t\t\t\t<div class=\"elementor-widget-container\">\n\t\t\t\t\t<ul class=\"elementor-icon-list-items\">\n\t\t\t\t\t\t\t<li class=\"elementor-icon-list-item\">\n\t\t\t\t\t\t\t\t\t\t\t<span class=\"elementor-icon-list-icon\">\n\t\t\t\t\t\t\t<svg aria-hidden=\"true\" class=\"e-font-icon-svg e-fas-circle\" viewBox=\"0 0 512 512\" xmlns=\"http:\/\/www.w3.org\/2000\/svg\"><path d=\"M256 8C119 8 8 119 8 256s111 248 248 248 248-111 248-248S393 8 256 8z\"><\/path><\/svg>\t\t\t\t\t\t<\/span>\n\t\t\t\t\t\t\t\t\t\t<span class=\"elementor-icon-list-text\">Polupansion, opcionalno po \u017eelji puni pansion\u00a0uz odabrana pi\u0107a<\/span>\n\t\t\t\t\t\t\t\t\t<\/li>\n\t\t\t\t\t\t\t\t<li class=\"elementor-icon-list-item\">\n\t\t\t\t\t\t\t\t\t\t\t<span class=\"elementor-icon-list-icon\">\n\t\t\t\t\t\t\t<svg aria-hidden=\"true\" class=\"e-font-icon-svg e-fas-circle\" viewBox=\"0 0 512 512\" xmlns=\"http:\/\/www.w3.org\/2000\/svg\"><path d=\"M256 8C119 8 8 119 8 256s111 248 248 248 248-111 248-248S393 8 256 8z\"><\/path><\/svg>\t\t\t\t\t\t<\/span>\n\t\t\t\t\t\t\t\t\t\t<span class=\"elementor-icon-list-text\">Djeca od\u00a00-5,9 godina borave besplatno.<\/span>\n\t\t\t\t\t\t\t\t\t<\/li>\n\t\t\t\t\t\t\t\t<li class=\"elementor-icon-list-item\">\n\t\t\t\t\t\t\t\t\t\t\t<span class=\"elementor-icon-list-icon\">\n\t\t\t\t\t\t\t<svg aria-hidden=\"true\" class=\"e-font-icon-svg e-fas-circle\" viewBox=\"0 0 512 512\" xmlns=\"http:\/\/www.w3.org\/2000\/svg\"><path d=\"M256 8C119 8 8 119 8 256s111 248 248 248 248-111 248-248S393 8 256 8z\"><\/path><\/svg>\t\t\t\t\t\t<\/span>\n\t\t\t\t\t\t\t\t\t\t<span class=\"elementor-icon-list-text\">Otvoreni bazen s odvojenim\u00a0dje\u010djim bazenom i toboganom<\/span>\n\t\t\t\t\t\t\t\t\t<\/li>\n\t\t\t\t\t\t\t\t<li class=\"elementor-icon-list-item\">\n\t\t\t\t\t\t\t\t\t\t\t<span class=\"elementor-icon-list-icon\">\n\t\t\t\t\t\t\t<svg aria-hidden=\"true\" class=\"e-font-icon-svg e-fas-circle\" viewBox=\"0 0 512 512\" xmlns=\"http:\/\/www.w3.org\/2000\/svg\"><path d=\"M256 8C119 8 8 119 8 256s111 248 248 248 248-111 248-248S393 8 256 8z\"><\/path><\/svg>\t\t\t\t\t\t<\/span>\n\t\t\t\t\t\t\t\t\t\t<span class=\"elementor-icon-list-text\">Bri\u017ena skrb o djeci s\u00a0programima aktivnosti i kreativnim radionicama<\/span>\n\t\t\t\t\t\t\t\t\t<\/li>\n\t\t\t\t\t\t\t\t<li class=\"elementor-icon-list-item\">\n\t\t\t\t\t\t\t\t\t\t\t<span class=\"elementor-icon-list-icon\">\n\t\t\t\t\t\t\t<svg aria-hidden=\"true\" class=\"e-font-icon-svg e-fas-circle\" viewBox=\"0 0 512 512\" xmlns=\"http:\/\/www.w3.org\/2000\/svg\"><path d=\"M256 8C119 8 8 119 8 256s111 248 248 248 248-111 248-248S393 8 256 8z\"><\/path><\/svg>\t\t\t\t\t\t<\/span>\n\t\t\t\t\t\t\t\t\t\t<span class=\"elementor-icon-list-text\">NOVO 2024:\u00a0Obnovljena pla\u017ea\u00a0za sve \u017eeljne odmora i osvje\u017eenja<\/span>\n\t\t\t\t\t\t\t\t\t<\/li>\n\t\t\t\t\t\t\t\t<li class=\"elementor-icon-list-item\">\n\t\t\t\t\t\t\t\t\t\t\t<span class=\"elementor-icon-list-icon\">\n\t\t\t\t\t\t\t<svg aria-hidden=\"true\" class=\"e-font-icon-svg e-fas-circle\" viewBox=\"0 0 512 512\" xmlns=\"http:\/\/www.w3.org\/2000\/svg\"><path d=\"M256 8C119 8 8 119 8 256s111 248 248 248 248-111 248-248S393 8 256 8z\"><\/path><\/svg>\t\t\t\t\t\t<\/span>\n\t\t\t\t\t\t\t\t\t\t<span class=\"elementor-icon-list-text\">Opse\u017ena ponuda aktivnosti\u00a0- iznajmljivanje bicikala, kajaka i SUP-ova<\/span>\n\t\t\t\t\t\t\t\t\t<\/li>\n\t\t\t\t\t\t\t\t<li class=\"elementor-icon-list-item\">\n\t\t\t\t\t\t\t\t\t\t\t<span class=\"elementor-icon-list-icon\">\n\t\t\t\t\t\t\t<svg aria-hidden=\"true\" class=\"e-font-icon-svg e-fas-circle\" viewBox=\"0 0 512 512\" xmlns=\"http:\/\/www.w3.org\/2000\/svg\"><path d=\"M256 8C119 8 8 119 8 256s111 248 248 248 248-111 248-248S393 8 256 8z\"><\/path><\/svg>\t\t\t\t\t\t<\/span>\n\t\t\t\t\t\t\t\t\t\t<span class=\"elementor-icon-list-text\">Sports Concierge\u00a0za prilago\u0111ena oto\u010dka iskustva i aktivne trenutke<\/span>\n\t\t\t\t\t\t\t\t\t<\/li>\n\t\t\t\t\t\t\t\t<li class=\"elementor-icon-list-item\">\n\t\t\t\t\t\t\t\t\t\t\t<span class=\"elementor-icon-list-icon\">\n\t\t\t\t\t\t\t<svg aria-hidden=\"true\" class=\"e-font-icon-svg e-fas-circle\" viewBox=\"0 0 512 512\" xmlns=\"http:\/\/www.w3.org\/2000\/svg\"><path d=\"M256 8C119 8 8 119 8 256s111 248 248 248 248-111 248-248S393 8 256 8z\"><\/path><\/svg>\t\t\t\t\t\t<\/span>\n\t\t\t\t\t\t\t\t\t\t<span class=\"elementor-icon-list-text\">Opu\u0161taju\u0107i\u00a0Thalasso & spa tretmani\u00a0usred prirode<\/span>\n\t\t\t\t\t\t\t\t\t<\/li>\n\t\t\t\t\t\t\t\t<li class=\"elementor-icon-list-item\">\n\t\t\t\t\t\t\t\t\t\t\t<span class=\"elementor-icon-list-icon\">\n\t\t\t\t\t\t\t<svg aria-hidden=\"true\" class=\"e-font-icon-svg e-fas-circle\" viewBox=\"0 0 512 512\" xmlns=\"http:\/\/www.w3.org\/2000\/svg\"><path d=\"M256 8C119 8 8 119 8 256s111 248 248 248 248-111 248-248S393 8 256 8z\"><\/path><\/svg>\t\t\t\t\t\t<\/span>\n\t\t\t\t\t\t\t\t\t\t<span class=\"elementor-icon-list-text\">Prekrasna lokacija\u00a0uz samo more u sredi\u0161tu Punta<\/span>\n\t\t\t\t\t\t\t\t\t<\/li>\n\t\t\t\t\t\t\t\t<li class=\"elementor-icon-list-item\">\n\t\t\t\t\t\t\t\t\t\t\t<span class=\"elementor-icon-list-icon\">\n\t\t\t\t\t\t\t<svg aria-hidden=\"true\" class=\"e-font-icon-svg e-fas-circle\" viewBox=\"0 0 512 512\" xmlns=\"http:\/\/www.w3.org\/2000\/svg\"><path d=\"M256 8C119 8 8 119 8 256s111 248 248 248 248-111 248-248S393 8 256 8z\"><\/path><\/svg>\t\t\t\t\t\t<\/span>\n\t\t\t\t\t\t\t\t\t\t<span class=\"elementor-icon-list-text\">Izravni letovi\u00a0iz Be\u010da, Hamburga, M\u00fcnchena, Stuttgarta, Frankfurta, D\u00fcsseldorfa, K\u00f6lna, itd<\/span>\n\t\t\t\t\t\t\t\t\t<\/li>\n\t\t\t\t\t\t\t\t<li class=\"elementor-icon-list-item\">\n\t\t\t\t\t\t\t\t\t\t\t<span class=\"elementor-icon-list-icon\">\n\t\t\t\t\t\t\t<svg aria-hidden=\"true\" class=\"e-font-icon-svg e-fas-circle\" viewBox=\"0 0 512 512\" xmlns=\"http:\/\/www.w3.org\/2000\/svg\"><path d=\"M256 8C119 8 8 119 8 256s111 248 248 248 248-111 248-248S393 8 256 8z\"><\/path><\/svg>\t\t\t\t\t\t<\/span>\n\t\t\t\t\t\t\t\t\t\t<span class=\"elementor-icon-list-text\">Postaja za punjenje e-automobila\u00a0ispred hotela (besplatno)<\/span>\n\t\t\t\t\t\t\t\t\t<\/li>\n\t\t\t\t\t\t<\/ul>\n\t\t\t\t<\/div>\n\t\t\t\t<\/div>\n\t\t\t\t<\/div>\n\t\t<div class=\"elementor-element elementor-element-1e42b0c e-con-full e-flex e-con e-child\" data-id=\"1e42b0c\" data-element_type=\"container\">\n\t\t\t\t<div class=\"elementor-element elementor-element-5edf7f1 elementor-widget elementor-widget-text-editor\" data-id=\"5edf7f1\" data-element_type=\"widget\" data-widget_type=\"text-editor.default\">\n\t\t\t\t<div class=\"elementor-widget-container\">\n\t\t\t\t\t\t\t<p style=\"font-weight: 400;\"><strong>CIJENE SMJE\u0160TAJA:<\/strong><\/p><p style=\"font-weight: 400;\">Za individualne rezervacije cijene su idu\u0107e:<\/p><ul style=\"font-weight: 400;\"><li>Comfort single room \/\u00a0\u00a0\u00a0\u00a0\u00a0\u00a0\u00a0\u00a0\u00a0\u00a0\u00a0\u00a0\u00a0 103.00\u20ac PP + 1,80\u20ac tax pp<\/li><li>Comfort double room \/\u00a0\u00a0\u00a0\u00a0\u00a0\u00a0\u00a0\u00a0\u00a0\u00a0\u00a0 136.00\u20ac PP + 1,80\u20ac tax pp<\/li><\/ul><p style=\"font-weight: 400;\">Za grupne ( min. broj soba 10) rezervacije cijene su idu\u0107e:<\/p><ul style=\"font-weight: 400;\"><li>Comfort single room \/\u00a0\u00a0\u00a0\u00a0\u00a0\u00a0\u00a0\u00a0\u00a0\u00a0\u00a0\u00a0\u00a0 80.00\u20ac pd + 1,80\u20ac tax pp<\/li><li>Comfort double room \/\u00a0\u00a0\u00a0\u00a0\u00a0\u00a0\u00a0\u00a0\u00a0\u00a0\u00a0 110.00\u20ac pd + 1,80\u20ac tax pp<\/li><\/ul><p style=\"font-weight: 400;\">\u00a0<\/p>\t\t\t\t\t\t<\/div>\n\t\t\t\t<\/div>\n\t\t\t\t<\/div>\n\t\t\t\t\t<\/div>\n\t\t\t\t<\/div>\n\t\t<div class=\"elementor-element elementor-element-e17efa4 e-flex e-con-boxed e-con e-parent\" data-id=\"e17efa4\" data-element_type=\"container\">\n\t\t\t\t\t<div class=\"e-con-inner\">\n\t\t\t\t\t<\/div>\n\t\t\t\t<\/div>\n\t\t<div class=\"elementor-element elementor-element-52f3f10 e-flex e-con-boxed e-con e-parent\" data-id=\"52f3f10\" data-element_type=\"container\">\n\t\t\t\t\t<div class=\"e-con-inner\">\n\t\t\t\t<div class=\"elementor-element elementor-element-4b007b9 elementor-align-center elementor-widget elementor-widget-button\" data-id=\"4b007b9\" data-element_type=\"widget\" data-widget_type=\"button.default\">\n\t\t\t\t<div class=\"elementor-widget-container\">\n\t\t\t\t\t<div class=\"elementor-button-wrapper\">\n\t\t\t<a class=\"elementor-button elementor-button-link elementor-size-sm\" href=\"mailto:info@krkgranfondo.com\">\n\t\t\t\t\t\t<span class=\"elementor-button-content-wrapper\">\n\t\t\t\t\t\t\t\t\t<span class=\"elementor-button-text\">E-MAIL ZA REZERVACIJU<\/span>\n\t\t\t\t\t<\/span>\n\t\t\t\t\t<\/a>\n\t\t<\/div>\n\t\t\t\t<\/div>\n\t\t\t\t<\/div>\n\t\t\t\t<div class=\"elementor-element elementor-element-e477894 elementor-widget elementor-widget-heading\" data-id=\"e477894\" data-element_type=\"widget\" data-widget_type=\"heading.default\">\n\t\t\t\t<div class=\"elementor-widget-container\">\n\t\t\t<h2 class=\"elementor-heading-title elementor-size-default\">info@krkgranfondo.com<\/h2>\t\t<\/div>\n\t\t\t\t<\/div>\n\t\t\t\t\t<\/div>\n\t\t\t\t<\/div>\n\t\t\t\t<\/div>\n\t\t","protected":false},"excerpt":{"rendered":"<p>FALKENSTEINER HOTEL PARK PUNAT DO\u017dIVITE SVE LJEPOTE OTOKA KRKA Jutarnje bu\u0111enje prije prvih sun\u010devih zraka. Ptice cvrku\u0107u u pozadini, pogled kroz prozor luta preko kro\u0161nji tamnozelenih borova i naposljetku dospijeva do blje\u0161tave povr\u0161ine Jadranskog mora.Udi\u0161ete duboko, dopustite mediteranskoj klimi da vas obuzme i da postanete svjesni toga da ste napokon stigli na \u017eeljeno odredi\u0161te. Svatko [&hellip;]<\/p>\n","protected":false},"author":1,"featured_media":0,"parent":0,"menu_order":0,"comment_status":"closed","ping_status":"closed","template":"elementor_header_footer","meta":{"footnotes":""},"class_list":["post-365","page","type-page","status-publish","hentry"],"_links":{"self":[{"href":"https:\/\/krkgranfondo.com\/index.php\/wp-json\/wp\/v2\/pages\/365","targetHints":{"allow":["GET"]}}],"collection":[{"href":"https:\/\/krkgranfondo.com\/index.php\/wp-json\/wp\/v2\/pages"}],"about":[{"href":"https:\/\/krkgranfondo.com\/index.php\/wp-json\/wp\/v2\/types\/page"}],"author":[{"embeddable":true,"href":"https:\/\/krkgranfondo.com\/index.php\/wp-json\/wp\/v2\/users\/1"}],"replies":[{"embeddable":true,"href":"https:\/\/krkgranfondo.com\/index.php\/wp-json\/wp\/v2\/comments?post=365"}],"version-history":[{"count":22,"href":"https:\/\/krkgranfondo.com\/index.php\/wp-json\/wp\/v2\/pages\/365\/revisions"}],"predecessor-version":[{"id":23417,"href":"https:\/\/krkgranfondo.com\/index.php\/wp-json\/wp\/v2\/pages\/365\/revisions\/23417"}],"wp:attachment":[{"href":"https:\/\/krkgranfondo.com\/index.php\/wp-json\/wp\/v2\/media?parent=365"}],"curies":[{"name":"wp","href":"https:\/\/api.w.org\/{rel}","templated":true}]}}